{"id":1600,"date":"2021-06-24T16:35:51","date_gmt":"2021-06-24T21:35:51","guid":{"rendered":"https:\/\/fic.unsa.edu.pe\/ingcivil\/?page_id=1600"},"modified":"2021-06-24T16:37:06","modified_gmt":"2021-06-24T21:37:06","slug":"silabos-2021-a","status":"publish","type":"page","link":"https:\/\/fic.unsa.edu.pe\/ingcivil\/silabos-2021-a\/","title":{"rendered":"SILABOS 2021 &#8211; A"},"content":{"rendered":"<p><a href=\"https:\/\/fic.unsa.edu.pe\/ingcivil\/wp-content\/uploads\/sites\/2\/2021\/06\/SILABO-QUIMICA-FIRMADO-2021-A.pdf\">SILABO QUIMICA FIRMADO 2021-A<\/a><\/p>\n<p><a href=\"https:\/\/fic.unsa.edu.pe\/ingcivil\/wp-content\/uploads\/sites\/2\/2021\/06\/SILABO-440-ALBANILERIA-ESTRUCTURAL-Ano-2021-Ciclo-A.pdf\">SILABO-440-ALBANILERIA ESTRUCTURAL (A\u00f1o 2021-Ciclo A)<\/a><\/p>\n<p><a href=\"https:\/\/fic.unsa.edu.pe\/ingcivil\/wp-content\/uploads\/sites\/2\/2021\/06\/SILABO-440-ANALISIS-ESTRUCTURAL-1-Ano-2021-Ciclo-A.pdf\">SILABO-440-ANALISIS ESTRUCTURAL 1 (A\u00f1o 2021-Ciclo A)<\/a><\/p>\n<p><a href=\"https:\/\/fic.unsa.edu.pe\/ingcivil\/wp-content\/uploads\/sites\/2\/2021\/06\/SILABO-440-CALCULO-1-Ano-2021-Ciclo-A.pdf\">SILABO-440-CALCULO 1 (A\u00f1o 2021-Ciclo A)<\/a> <a href=\"https:\/\/fic.unsa.edu.pe\/ingcivil\/wp-content\/uploads\/sites\/2\/2021\/06\/SILABO-440-CALCULO-3-Ano-2021-Ciclo-A.pdf\">SILABO-440-CALCULO 3 (A\u00f1o 2021-Ciclo A)<\/a><\/p>\n<p><a href=\"https:\/\/fic.unsa.edu.pe\/ingcivil\/wp-content\/uploads\/sites\/2\/2021\/06\/SILABO-440-CALCULO-4-Ano-2021-Ciclo-A.pdf\">SILABO-440-CALCULO 4 (A\u00f1o 2021-Ciclo A)<\/a><\/p>\n<p><a href=\"https:\/\/fic.unsa.edu.pe\/ingcivil\/wp-content\/uploads\/sites\/2\/2021\/06\/SILABO-440-CALCULO-COMPUTARIZADO-DE-ESTRUCTURAS-E-Ano-2021-Ciclo-A.pdf\">SILABO-440-CALCULO COMPUTARIZADO DE ESTRUCTURAS (E) (A\u00f1o 2021-Ciclo A)<\/a><\/p>\n<p><a href=\"https:\/\/fic.unsa.edu.pe\/ingcivil\/wp-content\/uploads\/sites\/2\/2021\/06\/SILABO-440-CIUDADANIA-E-INTERCULTURALIDAD-Ano-2021-Ciclo-A.pdf\">SILABO-440-CIUDADANIA E INTERCULTURALIDAD (A\u00f1o 2021-Ciclo A)<\/a><\/p>\n<p><a href=\"https:\/\/fic.unsa.edu.pe\/ingcivil\/wp-content\/uploads\/sites\/2\/2021\/06\/SILABO-440-CONCRETO-REFORZADO-2-E-Ano-2021-Ciclo-A.pdf\">SILABO-440-CONCRETO REFORZADO 2 (E) (A\u00f1o 2021-Ciclo A)<\/a><\/p>\n<p><a href=\"https:\/\/fic.unsa.edu.pe\/ingcivil\/wp-content\/uploads\/sites\/2\/2021\/06\/SILABO-440-CONSTRUCCION-2-Ano-2021-Ciclo-A.pdf\">SILABO-440-CONSTRUCCION 2 (A\u00f1o 2021-Ciclo A)<\/a><\/p>\n<p><a href=\"https:\/\/fic.unsa.edu.pe\/ingcivil\/wp-content\/uploads\/sites\/2\/2021\/06\/SILABO-440-CONSTRUCCION-DE-INFRAESTRUCTURA-E-Ano-2021-Ciclo-A.pdf\">SILABO-440-CONSTRUCCION DE INFRAESTRUCTURA (E) (A\u00f1o 2021-Ciclo A)<\/a><\/p>\n<p><a href=\"https:\/\/fic.unsa.edu.pe\/ingcivil\/wp-content\/uploads\/sites\/2\/2021\/06\/SILABO-440-DINAMICA-Ano-2021-Ciclo-A.pdf\">SILABO-440-DINAMICA (A\u00f1o 2021-Ciclo A)<\/a><\/p>\n<p><a href=\"https:\/\/fic.unsa.edu.pe\/ingcivil\/wp-content\/uploads\/sites\/2\/2021\/06\/SILABO-440-DISENO-DE-ACERO-AVANZADO-E-Ano-2021-Ciclo-A.pdf\">SILABO-440-DISENO DE ACERO AVANZADO (E) (A\u00f1o 2021-Ciclo A)<\/a><\/p>\n<p><a href=\"https:\/\/fic.unsa.edu.pe\/ingcivil\/wp-content\/uploads\/sites\/2\/2021\/06\/SILABO-440-ECONOMIA-GENERAL-Ano-2021-Ciclo-A.pdf\">SILABO-440-ECONOMIA GENERAL (A\u00f1o 2021-Ciclo A)<\/a><\/p>\n<p><a href=\"https:\/\/fic.unsa.edu.pe\/ingcivil\/wp-content\/uploads\/sites\/2\/2021\/06\/SILABO-440-ESTATICA-Ano-2021-Ciclo-A-1.pdf\">SILABO-440-ESTATICA (A\u00f1o 2021-Ciclo A) (1)<\/a><\/p>\n<p><a href=\"https:\/\/fic.unsa.edu.pe\/ingcivil\/wp-content\/uploads\/sites\/2\/2021\/06\/SILABO-440-ETICA-GENERAL-Y-PROFESIONAL-Ano-2021-Ciclo-A-2.pdf\">SILABO-440-ETICA GENERAL Y PROFESIONAL (A\u00f1o 2021-Ciclo A) (2)<\/a><\/p>\n<p><a href=\"https:\/\/fic.unsa.edu.pe\/ingcivil\/wp-content\/uploads\/sites\/2\/2021\/06\/SILABO-440-FISICA-2-Ano-2021-Ciclo-A.pdf\">SILABO-440-FISICA 2 (A\u00f1o 2021-Ciclo A)<\/a><\/p>\n<p><a href=\"https:\/\/fic.unsa.edu.pe\/ingcivil\/wp-content\/uploads\/sites\/2\/2021\/06\/SILABO-440-GEODESIA-SATELITAL-Ano-2021-Ciclo-A.pdf\">SILABO-440-GEODESIA SATELITAL (A\u00f1o 2021-Ciclo A)<\/a><\/p>\n<p><a href=\"https:\/\/fic.unsa.edu.pe\/ingcivil\/wp-content\/uploads\/sites\/2\/2021\/06\/SILABO-440-GEOLOGIA-Ano-2021-Ciclo-A.pdf\">SILABO-440-GEOLOGIA (A\u00f1o 2021-Ciclo A)<\/a><\/p>\n<p><a href=\"https:\/\/fic.unsa.edu.pe\/ingcivil\/wp-content\/uploads\/sites\/2\/2021\/06\/SILABO-440-GERENCIA-DE-PROYECTOS-Ano-2021-Ciclo-A.pdf\">SILABO-440-GERENCIA DE PROYECTOS (A\u00f1o 2021-Ciclo A)<\/a><\/p>\n<p><a href=\"https:\/\/fic.unsa.edu.pe\/ingcivil\/wp-content\/uploads\/sites\/2\/2021\/06\/SILABO-440-HIDROLOGIA-Ano-2021-Ciclo-A.pdf\">SILABO-440-HIDROLOGIA (A\u00f1o 2021-Ciclo A)<\/a><\/p>\n<p><a href=\"https:\/\/fic.unsa.edu.pe\/ingcivil\/wp-content\/uploads\/sites\/2\/2021\/06\/SILABO-440-INFORMATICA-BASICA-Ano-2021-Ciclo-A.pdf\">SILABO-440-INFORMATICA BASICA (A\u00f1o 2021-Ciclo A)<\/a><\/p>\n<p><a href=\"https:\/\/fic.unsa.edu.pe\/ingcivil\/wp-content\/uploads\/sites\/2\/2021\/06\/SILABO-440-INGENIERIA-DE-CARRETERAS-2-E-Ano-2021-Ciclo-A.pdf\">SILABO-440-INGENIERIA DE CARRETERAS 2 (E) (A\u00f1o 2021-Ciclo A)<\/a><\/p>\n<p><a href=\"https:\/\/fic.unsa.edu.pe\/ingcivil\/wp-content\/uploads\/sites\/2\/2021\/06\/SILABO-440-INGENIERIA-ESTRUCTURAL-E-Ano-2021-Ciclo-A.pdf\">SILABO-440-INGENIERIA ESTRUCTURAL (E) (A\u00f1o 2021-Ciclo A)<\/a><\/p>\n<p><a href=\"https:\/\/fic.unsa.edu.pe\/ingcivil\/wp-content\/uploads\/sites\/2\/2021\/06\/SILABO-440-INGENIERIA-SISMO-RESISTENTE-Ano-2021-Ciclo-A.pdf\">SILABO-440-INGENIERIA SISMO RESISTENTE (A\u00f1o 2021-Ciclo A)<\/a><\/p>\n<p><a href=\"https:\/\/fic.unsa.edu.pe\/ingcivil\/wp-content\/uploads\/sites\/2\/2021\/06\/SILABO-440-INGLES-PARA-INGENIERIA-CIVIL-2-Ano-2021-Ciclo-A.pdf\">SILABO-440-INGLES PARA INGENIERIA CIVIL 2 (A\u00f1o 2021-Ciclo A)<\/a><\/p>\n<p><a href=\"https:\/\/fic.unsa.edu.pe\/ingcivil\/wp-content\/uploads\/sites\/2\/2021\/06\/SILABO-440-INSTALACIONES-EN-EDIFICACIONES-Ano-2021-Ciclo-A.pdf\">SILABO-440-INSTALACIONES EN EDIFICACIONES (A\u00f1o 2021-Ciclo A)<\/a><\/p>\n<p><a href=\"https:\/\/fic.unsa.edu.pe\/ingcivil\/wp-content\/uploads\/sites\/2\/2021\/06\/SILABO-440-INTRODUCCION-A-LA-INGENIERIA-CIVIL-Ano-2021-Ciclo-A.pdf\">SILABO-440-INTRODUCCION A LA INGENIERIA CIVIL (A\u00f1o 2021-Ciclo A)<\/a><\/p>\n<p><a href=\"https:\/\/fic.unsa.edu.pe\/ingcivil\/wp-content\/uploads\/sites\/2\/2021\/06\/SILABO-440-LABORATORIO-DE-TECNOLOGIA-DEL-CONCRETO-Ano-2021-Ciclo-A.pdf\">SILABO-440-LABORATORIO DE TECNOLOGIA DEL CONCRETO (A\u00f1o 2021-Ciclo A)<\/a><\/p>\n<p><a href=\"https:\/\/fic.unsa.edu.pe\/ingcivil\/wp-content\/uploads\/sites\/2\/2021\/06\/SILABO-440-LIDERAZGO-ORGANIZACIONAL-Ano-2021-Ciclo-A.pdf\">SILABO-440-LIDERAZGO ORGANIZACIONAL (A\u00f1o 2021-Ciclo A)<\/a><\/p>\n<p><a href=\"https:\/\/fic.unsa.edu.pe\/ingcivil\/wp-content\/uploads\/sites\/2\/2021\/06\/SILABO-440-MATEMATICA-BASICA-Ano-2021-Ciclo-A.pdf\">SILABO-440-MATEMATICA BASICA (A\u00f1o 2021-Ciclo A)<\/a><\/p>\n<p><a href=\"https:\/\/fic.unsa.edu.pe\/ingcivil\/wp-content\/uploads\/sites\/2\/2021\/06\/SILABO-440-MECANICA-DE-FLUIDOS-Ano-2021-Ciclo-A.pdf\">SILABO-440-MECANICA DE FLUIDOS (A\u00f1o 2021-Ciclo A)<\/a><\/p>\n<p><a href=\"https:\/\/fic.unsa.edu.pe\/ingcivil\/wp-content\/uploads\/sites\/2\/2021\/06\/SILABO-440-MECANICA-DE-SUELOS-1-Ano-2021-Ciclo-A.pdf\">SILABO-440-MECANICA DE SUELOS 1 (A\u00f1o 2021-Ciclo A)<\/a><\/p>\n<p><a href=\"https:\/\/fic.unsa.edu.pe\/ingcivil\/wp-content\/uploads\/sites\/2\/2021\/06\/SILABO-440-METODOLOGIA-DELTRABAJO-INTELECTUAL-UNIVERSITARIO-Ano-2021-Ciclo-A.pdf\">SILABO-440-METODOLOGIA DELTRABAJO INTELECTUAL UNIVERSITARIO (A\u00f1o 2021-Ciclo A)<\/a><\/p>\n<p><a href=\"https:\/\/fic.unsa.edu.pe\/ingcivil\/wp-content\/uploads\/sites\/2\/2021\/06\/SILABO-440-PROGRAMACION-PARA-INGENIEROS-Ano-2021-Ciclo-A.pdf\">SILABO-440-PROGRAMACION PARA INGENIEROS (A\u00f1o 2021-Ciclo A)<\/a><\/p>\n<p><a href=\"https:\/\/fic.unsa.edu.pe\/ingcivil\/wp-content\/uploads\/sites\/2\/2021\/06\/SILABO-440-RAZONAMIENTO-LOGICO-MATEMATICO-Ano-2021-Ciclo-A.pdf\">SILABO-440-RAZONAMIENTO LOGICO MATEMATICO (A\u00f1o 2021-Ciclo A)<\/a><\/p>\n<p><a href=\"https:\/\/fic.unsa.edu.pe\/ingcivil\/wp-content\/uploads\/sites\/2\/2021\/06\/SILABO-440-REDACCION-Y-COMUNICACION-Ano-2021-Ciclo-A.pdf\">SILABO-440-REDACCION Y COMUNICACION (A\u00f1o 2021-Ciclo A)<\/a><\/p>\n<p><a href=\"https:\/\/fic.unsa.edu.pe\/ingcivil\/wp-content\/uploads\/sites\/2\/2021\/06\/SILABO-440-RESISTENCIA-DE-MATERIALES-1-Ano-2021-Ciclo-A.pdf\">SILABO-440-RESISTENCIA DE MATERIALES 1 (A\u00f1o 2021-Ciclo A)<\/a><\/p>\n<p><a href=\"https:\/\/fic.unsa.edu.pe\/ingcivil\/wp-content\/uploads\/sites\/2\/2021\/06\/SILABO-440-SEMINARIO-DE-TESIS-1-Ano-2021-Ciclo-A.pdf\">SILABO-440-SEMINARIO DE TESIS 1 (A\u00f1o 2021-Ciclo A)<\/a><\/p>\n<p><a href=\"https:\/\/fic.unsa.edu.pe\/ingcivil\/wp-content\/uploads\/sites\/2\/2021\/06\/SILABO-440-TECNOLOGIA-DE-CONCRETO-Ano-2021-Ciclo-A.pdf\">SILABO-440-TECNOLOGIA DE CONCRETO (A\u00f1o 2021-Ciclo A)<\/a><\/p>\n<p><a href=\"https:\/\/fic.unsa.edu.pe\/ingcivil\/wp-content\/uploads\/sites\/2\/2021\/06\/SILABO-440-TECNOLOGIA-DEL-CONCRETO-AVANZADO-E-Ano-2021-Ciclo-A.pdf\">SILABO-440-TECNOLOGIA DEL CONCRETO AVANZADO (E) (A\u00f1o 2021-Ciclo A)<\/a><\/p>\n<p><a href=\"https:\/\/fic.unsa.edu.pe\/ingcivil\/wp-content\/uploads\/sites\/2\/2021\/06\/SILABO-440-TOPOGRAFIA-1-Ano-2021-Ciclo-A.pdf\">SILABO-440-TOPOGRAFIA 1 (A\u00f1o 2021-Ciclo A)<\/a><\/p>\n<p><a href=\"https:\/\/fic.unsa.edu.pe\/ingcivil\/wp-content\/uploads\/sites\/2\/2021\/06\/SILABO-MECANICA-DE-FLUIDOS-2021-A.pdf\">SILABO-MECANICA DE FLUIDOS (2021-A)<\/a><\/p>\n","protected":false},"excerpt":{"rendered":"<p>SILABO QUIMICA FIRMADO 2021-A SILABO-440-ALBANILERIA ESTRUCTURAL (A\u00f1o 2021-Ciclo A) SILABO-440-ANALISIS ESTRUCTURAL 1 (A\u00f1o 2021-Ciclo A) SILABO-440-CALCULO 1 (A\u00f1o 2021-Ciclo A) SILABO-440-CALCULO 3 (A\u00f1o 2021-Ciclo A) SILABO-440-CALCULO 4 (A\u00f1o 2021-Ciclo A) SILABO-440-CALCULO COMPUTARIZADO DE ESTRUCTURAS (E) (A\u00f1o 2021-Ciclo A) SILABO-440-CIUDADANIA E INTERCULTURALIDAD (A\u00f1o 2021-Ciclo A) SILABO-440-CONCRETO REFORZADO 2 (E) (A\u00f1o 2021-Ciclo A) SILABO-440-CONSTRUCCION 2 (A\u00f1o 2021-Ciclo [&hellip;]<\/p>\n","protected":false},"author":4,"featured_media":0,"parent":0,"menu_order":0,"comment_status":"closed","ping_status":"closed","template":"","meta":{"_acf_changed":false,"footnotes":""},"class_list":["post-1600","page","type-page","status-publish","hentry"],"acf":[],"_links":{"self":[{"href":"https:\/\/fic.unsa.edu.pe\/ingcivil\/wp-json\/wp\/v2\/pages\/1600","targetHints":{"allow":["GET"]}}],"collection":[{"href":"https:\/\/fic.unsa.edu.pe\/ingcivil\/wp-json\/wp\/v2\/pages"}],"about":[{"href":"https:\/\/fic.unsa.edu.pe\/ingcivil\/wp-json\/wp\/v2\/types\/page"}],"author":[{"embeddable":true,"href":"https:\/\/fic.unsa.edu.pe\/ingcivil\/wp-json\/wp\/v2\/users\/4"}],"replies":[{"embeddable":true,"href":"https:\/\/fic.unsa.edu.pe\/ingcivil\/wp-json\/wp\/v2\/comments?post=1600"}],"version-history":[{"count":5,"href":"https:\/\/fic.unsa.edu.pe\/ingcivil\/wp-json\/wp\/v2\/pages\/1600\/revisions"}],"predecessor-version":[{"id":1648,"href":"https:\/\/fic.unsa.edu.pe\/ingcivil\/wp-json\/wp\/v2\/pages\/1600\/revisions\/1648"}],"wp:attachment":[{"href":"https:\/\/fic.unsa.edu.pe\/ingcivil\/wp-json\/wp\/v2\/media?parent=1600"}],"curies":[{"name":"wp","href":"https:\/\/api.w.org\/{rel}","templated":true}]}}