{"id":1568,"date":"2019-05-06T10:12:41","date_gmt":"2019-05-06T15:12:41","guid":{"rendered":"https:\/\/fic.unsa.edu.pe\/ingcivil\/?page_id=1568"},"modified":"2020-03-10T10:32:25","modified_gmt":"2020-03-10T15:32:25","slug":"director-del-programa-de-estudios","status":"publish","type":"page","link":"https:\/\/fic.unsa.edu.pe\/ingcivil\/director-del-programa-de-estudios\/","title":{"rendered":"Director del Programa de Estudios"},"content":{"rendered":"<h2>Dr. Ing. N\u00e9stor Tupa Fern\u00e1ndez<\/h2>\n<h3>Director del Programa de Estudios de Ingenier\u00eda Civil<\/h3>\n<p>Es profesor principal del Departamento de Ingenier\u00eda Civil y Ex Decano de la Facultad de Ingenier\u00eda Civil de la UNSA.<\/p>\n<p>Fu\u00e9 Jefe del Laboratorio de Mec\u00e1nica de Suelos y Pavimentos, Coordinador del Posgrado y Jefe del Departamento Acad\u00e9mico de Ingenier\u00eda Civil UNSA (2006-2014, 2014-2015). Obtuvo menci\u00f3n honrosa en Best Paper 2007 en\u00a0<em>Geotextiles and Geomembranes de la IGS, UK<\/em>. Investiga t\u00e9cnicas de inclusi\u00f3n de geo sint\u00e9ticos para el mejoramiento de suelos de obras geot\u00e9cnicas (pavimentos, cimentaciones, hidr\u00e1ulica subterr\u00e1nea y concreto). Aplica m\u00e9todos num\u00e9ricos y experimentales para simular el comportamiento de materiales y sistemas constructivos y publica art\u00edculos t\u00e9cnicos en el pa\u00eds y en el exterior. Es consultor y proyectista en ingenier\u00eda civil, realiza control de calidad en las \u00e1reas de construcci\u00f3n, aplicaciones de geosint\u00e9ticos, ensayos geot\u00e9cnicos de laboratorio y de campo.<\/p>\n<h5>Trayectoria Acad\u00e9mica:<\/h5>\n<ul>\n<li>Bachiller Ingenier\u00eda Civil \u2013 FIC UNSA -1989<\/li>\n<li>Ingeniero Civil \u2013 FIC UNSA -1995<\/li>\n<li>Magister en Geot\u00e9cnia Ingenier\u00eda Civil \u2013 Dpto. de Ing Civil \u2013 Universidad de Brasilia \u2013 1994<\/li>\n<li>Doctor en Geot\u00e9cnia Ingenier\u00eda Civil. Dpto. de Ing Civil y Ambiental -Universidad de Brasilia \u2013 2006<\/li>\n<\/ul>\n","protected":false},"excerpt":{"rendered":"<p>Dr. Ing. N\u00e9stor Tupa Fern\u00e1ndez Director del Programa de Estudios de Ingenier\u00eda Civil Es profesor principal del Departamento de Ingenier\u00eda Civil y Ex Decano de la Facultad de Ingenier\u00eda Civil de la UNSA. Fu\u00e9 Jefe del Laboratorio de Mec\u00e1nica de Suelos y Pavimentos, Coordinador del Posgrado y Jefe del Departamento Acad\u00e9mico de Ingenier\u00eda Civil UNSA [&hellip;]<\/p>\n","protected":false},"author":1,"featured_media":1569,"parent":0,"menu_order":0,"comment_status":"closed","ping_status":"closed","template":"page-autoridades.php","meta":{"_acf_changed":false,"footnotes":""},"class_list":["post-1568","page","type-page","status-publish","has-post-thumbnail","hentry"],"acf":[],"_links":{"self":[{"href":"https:\/\/fic.unsa.edu.pe\/ingcivil\/wp-json\/wp\/v2\/pages\/1568","targetHints":{"allow":["GET"]}}],"collection":[{"href":"https:\/\/fic.unsa.edu.pe\/ingcivil\/wp-json\/wp\/v2\/pages"}],"about":[{"href":"https:\/\/fic.unsa.edu.pe\/ingcivil\/wp-json\/wp\/v2\/types\/page"}],"author":[{"embeddable":true,"href":"https:\/\/fic.unsa.edu.pe\/ingcivil\/wp-json\/wp\/v2\/users\/1"}],"replies":[{"embeddable":true,"href":"https:\/\/fic.unsa.edu.pe\/ingcivil\/wp-json\/wp\/v2\/comments?post=1568"}],"version-history":[{"count":5,"href":"https:\/\/fic.unsa.edu.pe\/ingcivil\/wp-json\/wp\/v2\/pages\/1568\/revisions"}],"predecessor-version":[{"id":1802,"href":"https:\/\/fic.unsa.edu.pe\/ingcivil\/wp-json\/wp\/v2\/pages\/1568\/revisions\/1802"}],"wp:featuredmedia":[{"embeddable":true,"href":"https:\/\/fic.unsa.edu.pe\/ingcivil\/wp-json\/wp\/v2\/media\/1569"}],"wp:attachment":[{"href":"https:\/\/fic.unsa.edu.pe\/ingcivil\/wp-json\/wp\/v2\/media?parent=1568"}],"curies":[{"name":"wp","href":"https:\/\/api.w.org\/{rel}","templated":true}]}}