{"id":1206,"date":"2017-09-11T16:37:43","date_gmt":"2017-09-11T16:37:43","guid":{"rendered":"http:\/\/www2.unsa.edu.pe\/escuelas\/ingcivil\/?page_id=1206"},"modified":"2017-09-11T16:37:43","modified_gmt":"2017-09-11T16:37:43","slug":"infraestructura","status":"publish","type":"page","link":"https:\/\/fic.unsa.edu.pe\/ingcivil\/infraestructura\/","title":{"rendered":"Infraestructura"},"content":{"rendered":"<p>La escuela de Ingenier\u00eda Civil, cuenta con:<\/p>\n<ul>\n<li>11 Aulas de estudio te\u00f3rico<\/li>\n<li>Un gabinete de Topograf\u00eda<\/li>\n<li>Laboratorio de Concreto<\/li>\n<li>Laboratorio de Mec\u00e1nica de suelos y pavimentos<\/li>\n<li>Laboratorio de Inform\u00e1tica<\/li>\n<li>Un Banco de Datos, que funciona como biblioteca para los estudiantes.<\/li>\n<li>02 Auditorios<\/li>\n<\/ul>\n","protected":false},"excerpt":{"rendered":"<p>La escuela de Ingenier\u00eda Civil, cuenta con: 11 Aulas de estudio te\u00f3rico Un gabinete de Topograf\u00eda Laboratorio de Concreto Laboratorio de Mec\u00e1nica de suelos y pavimentos Laboratorio de Inform\u00e1tica Un Banco de Datos, que funciona como biblioteca para los estudiantes. 02 Auditorios<\/p>\n","protected":false},"author":1,"featured_media":1230,"parent":0,"menu_order":0,"comment_status":"closed","ping_status":"closed","template":"","meta":{"_acf_changed":false,"footnotes":""},"class_list":["post-1206","page","type-page","status-publish","has-post-thumbnail","hentry"],"acf":[],"_links":{"self":[{"href":"https:\/\/fic.unsa.edu.pe\/ingcivil\/wp-json\/wp\/v2\/pages\/1206","targetHints":{"allow":["GET"]}}],"collection":[{"href":"https:\/\/fic.unsa.edu.pe\/ingcivil\/wp-json\/wp\/v2\/pages"}],"about":[{"href":"https:\/\/fic.unsa.edu.pe\/ingcivil\/wp-json\/wp\/v2\/types\/page"}],"author":[{"embeddable":true,"href":"https:\/\/fic.unsa.edu.pe\/ingcivil\/wp-json\/wp\/v2\/users\/1"}],"replies":[{"embeddable":true,"href":"https:\/\/fic.unsa.edu.pe\/ingcivil\/wp-json\/wp\/v2\/comments?post=1206"}],"version-history":[{"count":0,"href":"https:\/\/fic.unsa.edu.pe\/ingcivil\/wp-json\/wp\/v2\/pages\/1206\/revisions"}],"wp:featuredmedia":[{"embeddable":true,"href":"https:\/\/fic.unsa.edu.pe\/ingcivil\/wp-json\/wp\/v2\/media\/1230"}],"wp:attachment":[{"href":"https:\/\/fic.unsa.edu.pe\/ingcivil\/wp-json\/wp\/v2\/media?parent=1206"}],"curies":[{"name":"wp","href":"https:\/\/api.w.org\/{rel}","templated":true}]}}