{"id":1203,"date":"2017-09-11T16:27:38","date_gmt":"2017-09-11T16:27:38","guid":{"rendered":"http:\/\/www2.unsa.edu.pe\/escuelas\/ingcivil\/?page_id=1203"},"modified":"2018-07-09T15:29:39","modified_gmt":"2018-07-09T20:29:39","slug":"bachiller-en-ingenieria-civil","status":"publish","type":"page","link":"https:\/\/fic.unsa.edu.pe\/ingcivil\/bachiller-en-ingenieria-civil\/","title":{"rendered":"Grados y T\u00edtulos"},"content":{"rendered":"<ul>\n<li><strong>GRADO ACAD\u00c9MICO:<br \/>\n<\/strong>Bachiller en Ingenier\u00eda Civil<\/li>\n<\/ul>\n<ul>\n<li><strong>T\u00cdTULO PROFESIONAL:<br \/>\n<\/strong>Ingeniero Civil<\/li>\n<\/ul>\n","protected":false},"excerpt":{"rendered":"<p>GRADO ACAD\u00c9MICO: Bachiller en Ingenier\u00eda Civil T\u00cdTULO PROFESIONAL: Ingeniero Civil<\/p>\n","protected":false},"author":1,"featured_media":1272,"parent":0,"menu_order":0,"comment_status":"closed","ping_status":"closed","template":"","meta":{"_acf_changed":false,"footnotes":""},"class_list":["post-1203","page","type-page","status-publish","has-post-thumbnail","hentry"],"acf":[],"_links":{"self":[{"href":"https:\/\/fic.unsa.edu.pe\/ingcivil\/wp-json\/wp\/v2\/pages\/1203","targetHints":{"allow":["GET"]}}],"collection":[{"href":"https:\/\/fic.unsa.edu.pe\/ingcivil\/wp-json\/wp\/v2\/pages"}],"about":[{"href":"https:\/\/fic.unsa.edu.pe\/ingcivil\/wp-json\/wp\/v2\/types\/page"}],"author":[{"embeddable":true,"href":"https:\/\/fic.unsa.edu.pe\/ingcivil\/wp-json\/wp\/v2\/users\/1"}],"replies":[{"embeddable":true,"href":"https:\/\/fic.unsa.edu.pe\/ingcivil\/wp-json\/wp\/v2\/comments?post=1203"}],"version-history":[{"count":5,"href":"https:\/\/fic.unsa.edu.pe\/ingcivil\/wp-json\/wp\/v2\/pages\/1203\/revisions"}],"predecessor-version":[{"id":1558,"href":"https:\/\/fic.unsa.edu.pe\/ingcivil\/wp-json\/wp\/v2\/pages\/1203\/revisions\/1558"}],"wp:featuredmedia":[{"embeddable":true,"href":"https:\/\/fic.unsa.edu.pe\/ingcivil\/wp-json\/wp\/v2\/media\/1272"}],"wp:attachment":[{"href":"https:\/\/fic.unsa.edu.pe\/ingcivil\/wp-json\/wp\/v2\/media?parent=1203"}],"curies":[{"name":"wp","href":"https:\/\/api.w.org\/{rel}","templated":true}]}}