{"id":1175,"date":"2017-07-12T15:59:20","date_gmt":"2017-07-12T15:59:20","guid":{"rendered":"http:\/\/www2.unsa.edu.pe\/escuelas\/ingcivil\/?page_id=1175"},"modified":"2018-04-06T14:41:07","modified_gmt":"2018-04-06T19:41:07","slug":"personal-administrativo","status":"publish","type":"page","link":"https:\/\/fic.unsa.edu.pe\/ingcivil\/personal-administrativo\/","title":{"rendered":"Personal Administrativo"},"content":{"rendered":"<p>Personal Administrativo que presta servicio a la Escuela Profesional:<\/p>\n<table class=\"table table-striped\" cellspacing=\"0\" cellpadding=\"0\">\n<tr>\n<th>Cargo<\/th>\n<th>Nombres y Apellidos<\/th>\n<\/tr>\n<tr>\n<td>Secretaria de la    Escuela Profesional de Ingenier\u00eda Civil<\/td>\n<td>Sonia Narry Tanco<\/td>\n<\/tr>\n<tr>\n<td>Encargado de    Topograf\u00eda<\/td>\n<td>Percy Rucano Paucar<\/td>\n<\/tr>\n<tr>\n<td>T\u00e9cnico de    Laboratorio<\/td>\n<td>Jhon Mogrovejo Loayza<\/td>\n<\/tr>\n<tr>\n<td>T\u00e9cnico de    Laboratorio<\/td>\n<td>Francisco Estofanero Mamani<\/td>\n<\/tr>\n<tr>\n<td>Encargada del    Laboratorio de Inform\u00e1tica<\/td>\n<td>Sonia Choque Mart\u00ednez<\/td>\n<\/tr>\n<\/table>\n","protected":false},"excerpt":{"rendered":"<p>Personal Administrativo que presta servicio a la Escuela Profesional: Cargo Nombres y Apellidos Secretaria de la Escuela Profesional de Ingenier\u00eda Civil Sonia Narry Tanco Encargado de Topograf\u00eda Percy Rucano Paucar T\u00e9cnico de Laboratorio Jhon Mogrovejo Loayza T\u00e9cnico de Laboratorio Francisco Estofanero Mamani Encargada del Laboratorio de Inform\u00e1tica Sonia Choque Mart\u00ednez<\/p>\n","protected":false},"author":1,"featured_media":1269,"parent":0,"menu_order":0,"comment_status":"closed","ping_status":"closed","template":"","meta":{"_acf_changed":false,"footnotes":""},"class_list":["post-1175","page","type-page","status-publish","has-post-thumbnail","hentry"],"acf":[],"_links":{"self":[{"href":"https:\/\/fic.unsa.edu.pe\/ingcivil\/wp-json\/wp\/v2\/pages\/1175","targetHints":{"allow":["GET"]}}],"collection":[{"href":"https:\/\/fic.unsa.edu.pe\/ingcivil\/wp-json\/wp\/v2\/pages"}],"about":[{"href":"https:\/\/fic.unsa.edu.pe\/ingcivil\/wp-json\/wp\/v2\/types\/page"}],"author":[{"embeddable":true,"href":"https:\/\/fic.unsa.edu.pe\/ingcivil\/wp-json\/wp\/v2\/users\/1"}],"replies":[{"embeddable":true,"href":"https:\/\/fic.unsa.edu.pe\/ingcivil\/wp-json\/wp\/v2\/comments?post=1175"}],"version-history":[{"count":4,"href":"https:\/\/fic.unsa.edu.pe\/ingcivil\/wp-json\/wp\/v2\/pages\/1175\/revisions"}],"predecessor-version":[{"id":1389,"href":"https:\/\/fic.unsa.edu.pe\/ingcivil\/wp-json\/wp\/v2\/pages\/1175\/revisions\/1389"}],"wp:featuredmedia":[{"embeddable":true,"href":"https:\/\/fic.unsa.edu.pe\/ingcivil\/wp-json\/wp\/v2\/media\/1269"}],"wp:attachment":[{"href":"https:\/\/fic.unsa.edu.pe\/ingcivil\/wp-json\/wp\/v2\/media?parent=1175"}],"curies":[{"name":"wp","href":"https:\/\/api.w.org\/{rel}","templated":true}]}}