{"id":1069,"date":"2017-07-05T15:43:51","date_gmt":"2017-07-05T15:43:51","guid":{"rendered":"http:\/\/www2.unsa.edu.pe\/escuelas\/ingcivil\/?page_id=1069"},"modified":"2018-07-09T15:25:22","modified_gmt":"2018-07-09T20:25:22","slug":"competencias-genericas-o-generales","status":"publish","type":"page","link":"https:\/\/fic.unsa.edu.pe\/ingcivil\/competencias-genericas-o-generales\/","title":{"rendered":"Competencias de la Carrera"},"content":{"rendered":"<h4><strong>Competencias Generales<\/strong><\/h4>\n<p>Las competencias profesionales del programa:<\/p>\n<ul>\n<li>Dise\u00f1a edificaciones, obras viales, obras hidr\u00e1ulicas, obras geot\u00e9cnicas y otras de la ingenier\u00eda civil.<\/li>\n<li>Construye edificaciones, obras viales, obras hidr\u00e1ulicas, obras geot\u00e9cnicas y otras de la ingenier\u00eda civil.<\/li>\n<li>Supervisa, dirige y controla proyectos y obras.<\/li>\n<li>Dise\u00f1o de experimentos, obtiene, utiliza e interpreta datos.<\/li>\n<li>Identifica, formula y resuelve problemas de ingenier\u00eda, especialmente enfrentar problemas abiertos o que requieran un enfoque multidisciplinario.<\/li>\n<li>Posee capacidad de auto-aprendizaje y conciencia de la importancia de continuar aprendiendo una vez egresado.<\/li>\n<li>Trabaja en equipo, incluyendo equipos multidisciplinarios, y se desenvuelve adecuadamente en diferentes entornos, demostrando capacidad de liderazgo.<\/li>\n<li>Se comunica en forma efectiva en diversos contextos, tanto en forma oral como escrita.<\/li>\n<li>Se adapta a los requerimientos del mercado de manera de liderar la introducci\u00f3n de cambios y la innovaci\u00f3n tecnol\u00f3gica en su \u00e1rea de especializaci\u00f3n en ingenier\u00eda civil.<\/li>\n<li>Adopta un comportamiento \u00e9tico en la vida profesional, demostrando honestidad, integridad, responsabilidad hacia la sociedad y el medio ambiente, y capacidad de reconocer sus propias potencialidades y limitaciones.<\/li>\n<\/ul>\n<h4><strong>Competencias Espec\u00edficas<\/strong><\/h4>\n<table class=\"table table-hover\">\n<tbody>\n<tr>\n<th>C\u00f3digo<\/th>\n<th>Logros<\/th>\n<th>Competencias<\/th>\n<\/tr>\n<tr>\n<td>1<\/td>\n<td>Comunicaci\u00f3n oral<\/td>\n<td>Posee habilidades y destrezas para comunicarse en forma oral<\/td>\n<\/tr>\n<tr>\n<td>2<\/td>\n<td>Comunicaci\u00f3n escrita<\/td>\n<td>Tiene habilidades y destrezas para comunicarse en forma escrita<\/td>\n<\/tr>\n<tr>\n<td>3<\/td>\n<td>Pensamiento cr\u00edtico<\/td>\n<td>Tiene habilidades para el pensamiento cr\u00edtico<\/td>\n<\/tr>\n<tr>\n<td>4<\/td>\n<td>Razonamiento cuantitativo<\/td>\n<td>Posee habilidades para el razonamiento cuantitativo.<\/td>\n<\/tr>\n<tr>\n<td>5<\/td>\n<td>Manejo de la informaci\u00f3n<\/td>\n<td>Maneja con destrezas la informaci\u00f3n en diversos medios.<\/td>\n<\/tr>\n<tr>\n<td>6<\/td>\n<td>Ciudadan\u00eda<\/td>\n<td>Maneja Valores y deberes ciudadanos.<\/td>\n<\/tr>\n<tr>\n<td>7<\/td>\n<td>pensamiento innovador<\/td>\n<td>Esta habido al pensamiento con innovaci\u00f3n<\/td>\n<\/tr>\n<\/tbody>\n<\/table>\n<h4><strong>Competencias Espec\u00edficas y de Especialidad<\/strong><\/h4>\n<table class=\"table table-hover\">\n<tbody>\n<tr>\n<th>C\u00f3digo<\/th>\n<th>Logros<\/th>\n<th>Competencias<\/th>\n<\/tr>\n<tr>\n<td>a<\/td>\n<td>Dise\u00f1o de ingenier\u00eda<\/td>\n<td>Dise\u00f1a con responsabilidad obras civiles que cumplen los requisitos y necesidades, as\u00ed como las restricciones y limitaciones dadas.<\/td>\n<\/tr>\n<tr>\n<td>b<\/td>\n<td>Resoluci\u00f3n de problemas<\/td>\n<td>Resuelve con responsabilidad los problemas de ingenier\u00eda usando adecuadamente los m\u00e9todos, t\u00e9cnicas y herramientas de la ingenier\u00eda civil,<\/td>\n<\/tr>\n<tr>\n<td>c<\/td>\n<td>Aplicaci\u00f3n de la Ciencia<\/td>\n<td>Aplica con honestidad los conocimientos y habilidades de las matem\u00e1ticas, las ciencias y la ingenier\u00eda para resolver problemas de ingenier\u00eda civil.<\/td>\n<\/tr>\n<tr>\n<td>d<\/td>\n<td>Experimentaci\u00f3n<\/td>\n<td>Concibe y lleva a cabo experimentos, analiza los datos e interpreta los resultados con honestidad.<\/td>\n<\/tr>\n<tr>\n<td>e<\/td>\n<td>Ingenier\u00eda moderna<\/td>\n<td>Aplica con responsabilidad las t\u00e9cnicas, m\u00e9todos y herramientas de la ingenier\u00eda moderna necesaria para la pr\u00e1ctica de la ingenier\u00eda civil.<\/td>\n<\/tr>\n<tr>\n<td>f<\/td>\n<td>Impacto de ingenier\u00eda<\/td>\n<td>Comprende el impacto de las soluciones de ingenier\u00eda con respeto a las personas y la sociedad en el contexto local y global.<\/td>\n<\/tr>\n<tr>\n<td>g<\/td>\n<td>Gesti\u00f3n de proyectos<\/td>\n<td>Planifica y gestiona\u00a0 proyectos de ingenier\u00eda civil con honestidad, teniendo en cuenta eficiencia y criterios de productividad.<\/td>\n<\/tr>\n<tr>\n<td>h<\/td>\n<td>Evaluaci\u00f3n ambiental<\/td>\n<td>Eval\u00faa con honestidad la importancia de preservar y mejorar el medio ambiente en el desarrollo de sus actividades personales y profesionales.<\/td>\n<\/tr>\n<tr>\n<td>i<\/td>\n<td>Temas contempor\u00e1neos<\/td>\n<td>Analiza responsablemente los temas contempor\u00e1neos relevantes a nivel local, y en el contexto nacional y global.<\/td>\n<\/tr>\n<tr>\n<td>j<\/td>\n<td>El aprendizaje permanente y aut\u00f3nomo<\/td>\n<td>Reconoce la necesidad de mantener sus conocimientos y habilidades al d\u00eda de acuerdo a los avances de la ingenier\u00eda civil y se compromete en el aprendizaje permanente.<\/td>\n<\/tr>\n<tr>\n<td>k<\/td>\n<td>\u00c9tica y Responsabilidad Profesional<\/td>\n<td>Desarrolla sus actividades profesionales con responsabilidad y \u00e9tica.<\/td>\n<\/tr>\n<tr>\n<td>m<\/td>\n<td>Comunicaci\u00f3n Efectiva<\/td>\n<td>Capacidad para comunicarse de manera efectiva con respeto por la dignidad de las personas.<\/td>\n<\/tr>\n<tr>\n<td>n<\/td>\n<td>Trabajo en equipo<\/td>\n<td>Valora la importancia del trabajo en equipo con compromiso y participa activa y eficazmente en equipos multidisciplinarios.<\/td>\n<\/tr>\n<\/tbody>\n<\/table>\n","protected":false},"excerpt":{"rendered":"<p>Competencias Generales Las competencias profesionales del programa: Dise\u00f1a edificaciones, obras viales, obras hidr\u00e1ulicas, obras geot\u00e9cnicas y otras de la ingenier\u00eda civil. Construye edificaciones, obras viales, obras hidr\u00e1ulicas, obras geot\u00e9cnicas y otras de la ingenier\u00eda civil. Supervisa, dirige y controla proyectos y obras. Dise\u00f1o de experimentos, obtiene, utiliza e interpreta datos. Identifica, formula y resuelve problemas [&hellip;]<\/p>\n","protected":false},"author":1,"featured_media":1245,"parent":0,"menu_order":0,"comment_status":"closed","ping_status":"closed","template":"","meta":{"_acf_changed":false,"footnotes":""},"class_list":["post-1069","page","type-page","status-publish","has-post-thumbnail","hentry"],"acf":[],"_links":{"self":[{"href":"https:\/\/fic.unsa.edu.pe\/ingcivil\/wp-json\/wp\/v2\/pages\/1069","targetHints":{"allow":["GET"]}}],"collection":[{"href":"https:\/\/fic.unsa.edu.pe\/ingcivil\/wp-json\/wp\/v2\/pages"}],"about":[{"href":"https:\/\/fic.unsa.edu.pe\/ingcivil\/wp-json\/wp\/v2\/types\/page"}],"author":[{"embeddable":true,"href":"https:\/\/fic.unsa.edu.pe\/ingcivil\/wp-json\/wp\/v2\/users\/1"}],"replies":[{"embeddable":true,"href":"https:\/\/fic.unsa.edu.pe\/ingcivil\/wp-json\/wp\/v2\/comments?post=1069"}],"version-history":[{"count":9,"href":"https:\/\/fic.unsa.edu.pe\/ingcivil\/wp-json\/wp\/v2\/pages\/1069\/revisions"}],"predecessor-version":[{"id":1557,"href":"https:\/\/fic.unsa.edu.pe\/ingcivil\/wp-json\/wp\/v2\/pages\/1069\/revisions\/1557"}],"wp:featuredmedia":[{"embeddable":true,"href":"https:\/\/fic.unsa.edu.pe\/ingcivil\/wp-json\/wp\/v2\/media\/1245"}],"wp:attachment":[{"href":"https:\/\/fic.unsa.edu.pe\/ingcivil\/wp-json\/wp\/v2\/media?parent=1069"}],"curies":[{"name":"wp","href":"https:\/\/api.w.org\/{rel}","templated":true}]}}