{"id":1054,"date":"2017-07-05T15:31:36","date_gmt":"2017-07-05T15:31:36","guid":{"rendered":"http:\/\/www2.unsa.edu.pe\/escuelas\/ingcivil\/?page_id=1054"},"modified":"2026-01-21T12:25:52","modified_gmt":"2026-01-21T17:25:52","slug":"vision-y-mision","status":"publish","type":"page","link":"https:\/\/fic.unsa.edu.pe\/ingcivil\/vision-y-mision\/","title":{"rendered":"Visi\u00f3n y Misi\u00f3n"},"content":{"rendered":"<div class=\"cua-gra\"><img loading=\"lazy\" decoding=\"async\" class=\"hidden-xs alignnone size-medium wp-image-1238\" src=\"http:\/\/www2.unsa.edu.pe\/fic\/ingcivil\/wp-content\/uploads\/sites\/2\/2017\/07\/ing_civil_infraestructura_unsa_aqp_015-e1505336612563-360x203.jpg\" alt=\"\" width=\"360\" height=\"203\" \/><\/p>\n<h3>Visi\u00f3n<\/h3>\n<p>Ser una Escuela Profesional creativa e innovadora en la formaci\u00f3n de profesionales en Ingenier\u00eda Civil de alta competencia, que contribuyan al desarrollo de nuestra sociedad.<\/div>\n<p>&nbsp;<\/p>\n<div class=\"cua-gri\"><img loading=\"lazy\" decoding=\"async\" class=\"hidden-xs alignnone size-medium wp-image-1245\" src=\"http:\/\/www2.unsa.edu.pe\/fic\/ingcivil\/wp-content\/uploads\/sites\/2\/2017\/07\/INGENIERIA_CIVIL_UNSA-e1505336235142-360x203.jpg\" alt=\"\" width=\"360\" height=\"203\" \/><\/p>\n<h3>Misi\u00f3n<\/h3>\n<p>Somos una Escuela Profesional dedicada a la formaci\u00f3n de Ingenieros Civiles, con capacidad para investigar, crear y difundir conocimientos en Dise\u00f1o y Construcci\u00f3n de Obras Civiles sostenibles, para contribuir al desarrollo social y econ\u00f3mico de nuestra regi\u00f3n y el pa\u00eds.<\/p>\n<p><\/div>\n<p>&nbsp;<\/p>\n<p>&nbsp;<\/p>\n","protected":false},"excerpt":{"rendered":"<p>&nbsp; &nbsp; &nbsp;<\/p>\n","protected":false},"author":1,"featured_media":0,"parent":0,"menu_order":0,"comment_status":"closed","ping_status":"closed","template":"page-blanco.php","meta":{"_acf_changed":false,"footnotes":""},"class_list":["post-1054","page","type-page","status-publish","hentry"],"acf":[],"_links":{"self":[{"href":"https:\/\/fic.unsa.edu.pe\/ingcivil\/wp-json\/wp\/v2\/pages\/1054","targetHints":{"allow":["GET"]}}],"collection":[{"href":"https:\/\/fic.unsa.edu.pe\/ingcivil\/wp-json\/wp\/v2\/pages"}],"about":[{"href":"https:\/\/fic.unsa.edu.pe\/ingcivil\/wp-json\/wp\/v2\/types\/page"}],"author":[{"embeddable":true,"href":"https:\/\/fic.unsa.edu.pe\/ingcivil\/wp-json\/wp\/v2\/users\/1"}],"replies":[{"embeddable":true,"href":"https:\/\/fic.unsa.edu.pe\/ingcivil\/wp-json\/wp\/v2\/comments?post=1054"}],"version-history":[{"count":1,"href":"https:\/\/fic.unsa.edu.pe\/ingcivil\/wp-json\/wp\/v2\/pages\/1054\/revisions"}],"predecessor-version":[{"id":1798,"href":"https:\/\/fic.unsa.edu.pe\/ingcivil\/wp-json\/wp\/v2\/pages\/1054\/revisions\/1798"}],"wp:attachment":[{"href":"https:\/\/fic.unsa.edu.pe\/ingcivil\/wp-json\/wp\/v2\/media?parent=1054"}],"curies":[{"name":"wp","href":"https:\/\/api.w.org\/{rel}","templated":true}]}}