{"id":1052,"date":"2017-07-05T15:30:20","date_gmt":"2017-07-05T15:30:20","guid":{"rendered":"http:\/\/www2.unsa.edu.pe\/escuelas\/ingcivil\/?page_id=1052"},"modified":"2017-07-05T15:30:20","modified_gmt":"2017-07-05T15:30:20","slug":"resena-historica","status":"publish","type":"page","link":"https:\/\/fic.unsa.edu.pe\/ingcivil\/resena-historica\/","title":{"rendered":"Rese\u00f1a Hist\u00f3rica"},"content":{"rendered":"<p>En 2017 la escuela de Ingenier\u00eda Civil ha cumplido 40 a\u00f1os dedicados a formar Ingenieros Civiles con conocimientos cient\u00edficos, tecnol\u00f3gicos y human\u00edsticos, que permitan proyectar, conducir y construir las obras de infraestructura que contribuyen en el desarrollo social y econ\u00f3mico de nuestra regi\u00f3n y del pa\u00eds.<\/p>\n<p>Nuestra Escuela est\u00e1 viviendo cambios para adecuarnos a la nueva Ley Universitaria: ya cuenta con una nueva Malla Curricular acad\u00e9mica 2017, la cual se est\u00e1 aplicando en con los alumnos ingresantes del Primer Semestre; adem\u00e1s la Evaluaci\u00f3n, Acreditaci\u00f3n y Aseguramiento de la Calidad, proceso que es beneficioso y necesario para esclarecer nuestras bondades y los defectos de la escuela de Ingenier\u00eda Civil, ya que permitir\u00e1n\u00a0 reorientar el horizonte en beneficio de nuestros futuros profesionales.<\/p>\n","protected":false},"excerpt":{"rendered":"<p>En 2017 la escuela de Ingenier\u00eda Civil ha cumplido 40 a\u00f1os dedicados a formar Ingenieros Civiles con conocimientos cient\u00edficos, tecnol\u00f3gicos y human\u00edsticos, que permitan proyectar, conducir y construir las obras de infraestructura que contribuyen en el desarrollo social y econ\u00f3mico de nuestra regi\u00f3n y del pa\u00eds. Nuestra Escuela est\u00e1 viviendo cambios para adecuarnos a la [&hellip;]<\/p>\n","protected":false},"author":1,"featured_media":1273,"parent":0,"menu_order":0,"comment_status":"closed","ping_status":"closed","template":"","meta":{"_acf_changed":false,"footnotes":""},"class_list":["post-1052","page","type-page","status-publish","has-post-thumbnail","hentry"],"acf":[],"_links":{"self":[{"href":"https:\/\/fic.unsa.edu.pe\/ingcivil\/wp-json\/wp\/v2\/pages\/1052","targetHints":{"allow":["GET"]}}],"collection":[{"href":"https:\/\/fic.unsa.edu.pe\/ingcivil\/wp-json\/wp\/v2\/pages"}],"about":[{"href":"https:\/\/fic.unsa.edu.pe\/ingcivil\/wp-json\/wp\/v2\/types\/page"}],"author":[{"embeddable":true,"href":"https:\/\/fic.unsa.edu.pe\/ingcivil\/wp-json\/wp\/v2\/users\/1"}],"replies":[{"embeddable":true,"href":"https:\/\/fic.unsa.edu.pe\/ingcivil\/wp-json\/wp\/v2\/comments?post=1052"}],"version-history":[{"count":0,"href":"https:\/\/fic.unsa.edu.pe\/ingcivil\/wp-json\/wp\/v2\/pages\/1052\/revisions"}],"wp:featuredmedia":[{"embeddable":true,"href":"https:\/\/fic.unsa.edu.pe\/ingcivil\/wp-json\/wp\/v2\/media\/1273"}],"wp:attachment":[{"href":"https:\/\/fic.unsa.edu.pe\/ingcivil\/wp-json\/wp\/v2\/media?parent=1052"}],"curies":[{"name":"wp","href":"https:\/\/api.w.org\/{rel}","templated":true}]}}